{"id":989,"date":"2025-07-12T22:29:20","date_gmt":"2025-07-12T22:29:20","guid":{"rendered":"https:\/\/ees.goj.mybluehost.me\/website_7d70a96d\/?post_type=product&#038;p=989"},"modified":"2025-07-12T22:29:20","modified_gmt":"2025-07-12T22:29:20","slug":"foldable-solar-plant","status":"publish","type":"product","link":"https:\/\/diagonalbubble.com\/pt\/produto\/foldable-solar-plant\/","title":{"rendered":"Usina Solar Dobr\u00e1vel"},"content":{"rendered":"<p data-start=\"378\" data-end=\"450\"><strong data-start=\"378\" data-end=\"450\">Energia solar inteligente, compacta e autossuficiente ao seu alcance.<\/strong><\/p>\n<p data-start=\"452\" data-end=\"929\">O <strong data-start=\"456\" data-end=\"480\">Usina Solar Dobr\u00e1vel<\/strong> \u00e9 o seu companheiro perfeito para a liberdade energ\u00e9tica em movimento. Quer esteja a alimentar ferramentas num local de trabalho nas zonas rurais do Canad\u00e1, a carregar o seu ve\u00edculo el\u00e9trico ou bicicleta el\u00e9ctrica sob o sol do Algarve, ou a manter-se ligado durante falhas de energia na Alemanha, esta solu\u00e7\u00e3o solar m\u00f3vel fornece-lhe energia limpa e renov\u00e1vel onde quer que esteja. Leve, dur\u00e1vel e r\u00e1pida de utilizar, \u00e9 ideal para configura\u00e7\u00f5es fora da rede, n\u00f3madas digitais, viajantes em vanlife e propriet\u00e1rios de casas que procuram energia de reserva.<\/p>\n<p data-start=\"931\" data-end=\"1124\">Combine com uma bateria dom\u00e9stica ou inversor port\u00e1til para ainda mais flexibilidade \u2014 desde alimentar aparelhos essenciais at\u00e9 manter seu carregador Wallbox ou escrit\u00f3rio m\u00f3vel funcionando durante apag\u00f5es.<\/p>\n<hr data-start=\"1126\" data-end=\"1129\" \/>\n<h4 data-start=\"1131\" data-end=\"1151\">\u2714\ufe0f Principais Benef\u00edcios<\/h4>\n<ul data-start=\"1153\" data-end=\"1661\">\n<li data-start=\"1153\" data-end=\"1308\">\n<p data-start=\"1155\" data-end=\"1308\"><strong data-start=\"1155\" data-end=\"1186\">Independ\u00eancia Energ\u00e9tica Imediata<\/strong><br data-start=\"1186\" data-end=\"1189\" \/>Gere sua pr\u00f3pria energia em minutos, em qualquer lugar.<br data-start=\"1236\" data-end=\"1239\" \/><em data-start=\"1241\" data-end=\"1261\">Problema Resolvido:<\/em> Instabilidade da rede e vulnerabilidade a apag\u00f5es.<\/p>\n<\/li>\n<li data-start=\"1310\" data-end=\"1504\">\n<p data-start=\"1312\" data-end=\"1504\"><strong data-start=\"1312\" data-end=\"1342\">Design port\u00e1til e dobr\u00e1vel<\/strong><br data-start=\"1342\" data-end=\"1345\" \/>F\u00e1cil de guardar, transportar e montar \u2014 ideal para viagens, emerg\u00eancias ou neg\u00f3cios m\u00f3veis.<br data-start=\"1438\" data-end=\"1441\" \/><em data-start=\"1443\" data-end=\"1463\">Problema Resolvido:<\/em> Sistemas solares fixos n\u00e3o acompanham voc\u00ea.<\/p>\n<\/li>\n<li data-start=\"1506\" data-end=\"1661\">\n<p data-start=\"1508\" data-end=\"1661\"><strong data-start=\"1508\" data-end=\"1533\">Energia limpa e off-grid<\/strong><br data-start=\"1533\" data-end=\"1536\" \/>Funciona silenciosa e sem emiss\u00f5es, mesmo em \u00e1reas remotas.<br data-start=\"1593\" data-end=\"1596\" \/><em data-start=\"1598\" data-end=\"1618\">Problema Resolvido:<\/em> Necessidade de energia reserva silenciosa e sustent\u00e1vel.<\/p>\n<\/li>\n<\/ul>\n<hr data-start=\"1663\" data-end=\"1666\" \/>\n<h4 data-start=\"1668\" data-end=\"1688\">\u2699\ufe0f Principais Caracter\u00edsticas<\/h4>\n<ul data-start=\"1690\" data-end=\"2210\">\n<li data-start=\"1690\" data-end=\"1876\">\n<p data-start=\"1692\" data-end=\"1876\"><strong data-start=\"1692\" data-end=\"1734\">Pain\u00e9is Monocristalinos de Alta Efici\u00eancia<\/strong><br data-start=\"1734\" data-end=\"1737\" \/>Compacto, por\u00e9m potente, com excelente absor\u00e7\u00e3o de luz solar.<br data-start=\"1795\" data-end=\"1798\" \/><em data-start=\"1800\" data-end=\"1817\">Diferenciador:<\/em> Oferece mais watts por metro quadrado que pain\u00e9is padr\u00e3o.<\/p>\n<\/li>\n<li data-start=\"1878\" data-end=\"2039\">\n<p data-start=\"1880\" data-end=\"2039\"><strong data-start=\"1880\" data-end=\"1911\">Resistente \u00e0s intemp\u00e9ries e dur\u00e1vel<\/strong><br data-start=\"1911\" data-end=\"1914\" \/>Projetado para resistir ao uso externo em condi\u00e7\u00f5es adversas.<br data-start=\"1971\" data-end=\"1974\" \/><em data-start=\"1976\" data-end=\"1993\">Diferenciador:<\/em> Constru\u00eddo para sol intenso e invernos rigorosos.<\/p>\n<\/li>\n<li data-start=\"2041\" data-end=\"2210\">\n<p data-start=\"2043\" data-end=\"2210\"><strong data-start=\"2043\" data-end=\"2066\">Pronto para usar (Plug-and-Play)<\/strong><br data-start=\"2066\" data-end=\"2069\" \/>Integra\u00e7\u00e3o simples com baterias, inversores e pequenos dispositivos.<br data-start=\"2135\" data-end=\"2138\" \/><em data-start=\"2140\" data-end=\"2157\">Diferenciador:<\/em> Sem configura\u00e7\u00e3o t\u00e9cnica \u2014 basta abrir e ligar.<\/p>\n<\/li>\n<\/ul>","protected":false},"excerpt":{"rendered":"<p>Pre\u00e7o sob consulta \u2192 A Usina Solar Dobr\u00e1vel fornece energia limpa e port\u00e1til onde quiser. Alimente ferramentas, carregue carros el\u00e9tricos ou mantenha sua casa ativa em apag\u00f5es \u2014 sem ru\u00eddo nem emiss\u00f5es. R\u00e1pida de montar, f\u00e1cil de guardar e feita para durar.<\/p>","protected":false},"featured_media":991,"comment_status":"open","ping_status":"closed","template":"","meta":{"nf_dc_page":"","om_disable_all_campaigns":false,"_monsterinsights_skip_tracking":false,"_monsterinsights_sitenote_active":false,"_monsterinsights_sitenote_note":"","_monsterinsights_sitenote_category":0},"product_brand":[],"product_cat":[36],"product_tag":[],"class_list":{"0":"post-989","1":"product","2":"type-product","3":"status-publish","4":"has-post-thumbnail","6":"product_cat-solar-panels","8":"first","9":"instock","10":"virtual","11":"product-type-simple"},"yoast_head":"<!-- This site is optimized with the Yoast SEO plugin v27.4 - https:\/\/yoast.com\/product\/yoast-seo-wordpress\/ -->\n<title>Foldable Solar Plant - Diagonalbubble<\/title>\n<meta name=\"robots\" content=\"index, follow, max-snippet:-1, max-image-preview:large, max-video-preview:-1\" \/>\n<link rel=\"canonical\" href=\"https:\/\/diagonalbubble.com\/pt\/produto\/foldable-solar-plant\/\" \/>\n<meta property=\"og:locale\" content=\"pt_PT\" \/>\n<meta property=\"og:type\" content=\"article\" \/>\n<meta property=\"og:title\" content=\"Foldable Solar Plant - Diagonalbubble\" \/>\n<meta property=\"og:description\" content=\"Price on Request -&gt; The Foldable Solar Plant offers clean, portable energy you can take anywhere. Power tools, charge EVs, or keep your home running during outages \u2014 all without noise or emissions. Quick to deploy, easy to store, and built for resilience.\" \/>\n<meta property=\"og:url\" content=\"https:\/\/diagonalbubble.com\/pt\/produto\/foldable-solar-plant\/\" \/>\n<meta property=\"og:site_name\" content=\"Diagonalbubble\" \/>\n<meta property=\"og:image\" content=\"https:\/\/i0.wp.com\/diagonalbubble.com\/wp-content\/uploads\/2025\/07\/unnamed-1.jpg?fit=1440%2C611&ssl=1\" \/>\n\t<meta property=\"og:image:width\" content=\"1440\" \/>\n\t<meta property=\"og:image:height\" content=\"611\" \/>\n\t<meta property=\"og:image:type\" content=\"image\/jpeg\" \/>\n<meta name=\"twitter:card\" content=\"summary_large_image\" \/>\n<meta name=\"twitter:label1\" content=\"Tempo estimado de leitura\" \/>\n\t<meta name=\"twitter:data1\" content=\"2 minutos\" \/>\n<script type=\"application\/ld+json\" class=\"yoast-schema-graph\">{\"@context\":\"https:\\\/\\\/schema.org\",\"@graph\":[{\"@type\":\"WebPage\",\"@id\":\"https:\\\/\\\/diagonalbubble.com\\\/product\\\/foldable-solar-plant\\\/\",\"url\":\"https:\\\/\\\/diagonalbubble.com\\\/product\\\/foldable-solar-plant\\\/\",\"name\":\"Foldable Solar Plant - Diagonalbubble\",\"isPartOf\":{\"@id\":\"https:\\\/\\\/diagonalbubble.com\\\/#website\"},\"primaryImageOfPage\":{\"@id\":\"https:\\\/\\\/diagonalbubble.com\\\/product\\\/foldable-solar-plant\\\/#primaryimage\"},\"image\":{\"@id\":\"https:\\\/\\\/diagonalbubble.com\\\/product\\\/foldable-solar-plant\\\/#primaryimage\"},\"thumbnailUrl\":\"https:\\\/\\\/i0.wp.com\\\/diagonalbubble.com\\\/wp-content\\\/uploads\\\/2025\\\/07\\\/unnamed-1.jpg?fit=1440%2C611&ssl=1\",\"datePublished\":\"2025-07-12T22:29:20+00:00\",\"breadcrumb\":{\"@id\":\"https:\\\/\\\/diagonalbubble.com\\\/product\\\/foldable-solar-plant\\\/#breadcrumb\"},\"inLanguage\":\"pt-PT\",\"potentialAction\":[{\"@type\":\"ReadAction\",\"target\":[\"https:\\\/\\\/diagonalbubble.com\\\/product\\\/foldable-solar-plant\\\/\"]}]},{\"@type\":\"ImageObject\",\"inLanguage\":\"pt-PT\",\"@id\":\"https:\\\/\\\/diagonalbubble.com\\\/product\\\/foldable-solar-plant\\\/#primaryimage\",\"url\":\"https:\\\/\\\/i0.wp.com\\\/diagonalbubble.com\\\/wp-content\\\/uploads\\\/2025\\\/07\\\/unnamed-1.jpg?fit=1440%2C611&ssl=1\",\"contentUrl\":\"https:\\\/\\\/i0.wp.com\\\/diagonalbubble.com\\\/wp-content\\\/uploads\\\/2025\\\/07\\\/unnamed-1.jpg?fit=1440%2C611&ssl=1\",\"width\":1440,\"height\":611},{\"@type\":\"BreadcrumbList\",\"@id\":\"https:\\\/\\\/diagonalbubble.com\\\/product\\\/foldable-solar-plant\\\/#breadcrumb\",\"itemListElement\":[{\"@type\":\"ListItem\",\"position\":1,\"name\":\"Home\",\"item\":\"https:\\\/\\\/diagonalbubble.com\\\/\"},{\"@type\":\"ListItem\",\"position\":2,\"name\":\"Products\",\"item\":\"https:\\\/\\\/diagonalbubble.com\\\/shop\\\/\"},{\"@type\":\"ListItem\",\"position\":3,\"name\":\"Foldable Solar Plant\"}]},{\"@type\":\"WebSite\",\"@id\":\"https:\\\/\\\/diagonalbubble.com\\\/#website\",\"url\":\"https:\\\/\\\/diagonalbubble.com\\\/\",\"name\":\"Diagonalbubble\",\"description\":\"Drive Electric. Charge Smart. Power with the Sun.\",\"potentialAction\":[{\"@type\":\"SearchAction\",\"target\":{\"@type\":\"EntryPoint\",\"urlTemplate\":\"https:\\\/\\\/diagonalbubble.com\\\/?s={search_term_string}\"},\"query-input\":{\"@type\":\"PropertyValueSpecification\",\"valueRequired\":true,\"valueName\":\"search_term_string\"}}],\"inLanguage\":\"pt-PT\"}]}<\/script>\n<!-- \/ Yoast SEO plugin. -->","yoast_head_json":{"title":"Foldable Solar Plant - Diagonalbubble","robots":{"index":"index","follow":"follow","max-snippet":"max-snippet:-1","max-image-preview":"max-image-preview:large","max-video-preview":"max-video-preview:-1"},"canonical":"https:\/\/diagonalbubble.com\/pt\/produto\/foldable-solar-plant\/","og_locale":"pt_PT","og_type":"article","og_title":"Foldable Solar Plant - Diagonalbubble","og_description":"Price on Request -&gt; The Foldable Solar Plant offers clean, portable energy you can take anywhere. Power tools, charge EVs, or keep your home running during outages \u2014 all without noise or emissions. Quick to deploy, easy to store, and built for resilience.","og_url":"https:\/\/diagonalbubble.com\/pt\/produto\/foldable-solar-plant\/","og_site_name":"Diagonalbubble","og_image":[{"width":1440,"height":611,"url":"https:\/\/i0.wp.com\/diagonalbubble.com\/wp-content\/uploads\/2025\/07\/unnamed-1.jpg?fit=1440%2C611&ssl=1","type":"image\/jpeg"}],"twitter_card":"summary_large_image","twitter_misc":{"Tempo estimado de leitura":"2 minutos"},"schema":{"@context":"https:\/\/schema.org","@graph":[{"@type":"WebPage","@id":"https:\/\/diagonalbubble.com\/product\/foldable-solar-plant\/","url":"https:\/\/diagonalbubble.com\/product\/foldable-solar-plant\/","name":"Foldable Solar Plant - Diagonalbubble","isPartOf":{"@id":"https:\/\/diagonalbubble.com\/#website"},"primaryImageOfPage":{"@id":"https:\/\/diagonalbubble.com\/product\/foldable-solar-plant\/#primaryimage"},"image":{"@id":"https:\/\/diagonalbubble.com\/product\/foldable-solar-plant\/#primaryimage"},"thumbnailUrl":"https:\/\/i0.wp.com\/diagonalbubble.com\/wp-content\/uploads\/2025\/07\/unnamed-1.jpg?fit=1440%2C611&ssl=1","datePublished":"2025-07-12T22:29:20+00:00","breadcrumb":{"@id":"https:\/\/diagonalbubble.com\/product\/foldable-solar-plant\/#breadcrumb"},"inLanguage":"pt-PT","potentialAction":[{"@type":"ReadAction","target":["https:\/\/diagonalbubble.com\/product\/foldable-solar-plant\/"]}]},{"@type":"ImageObject","inLanguage":"pt-PT","@id":"https:\/\/diagonalbubble.com\/product\/foldable-solar-plant\/#primaryimage","url":"https:\/\/i0.wp.com\/diagonalbubble.com\/wp-content\/uploads\/2025\/07\/unnamed-1.jpg?fit=1440%2C611&ssl=1","contentUrl":"https:\/\/i0.wp.com\/diagonalbubble.com\/wp-content\/uploads\/2025\/07\/unnamed-1.jpg?fit=1440%2C611&ssl=1","width":1440,"height":611},{"@type":"BreadcrumbList","@id":"https:\/\/diagonalbubble.com\/product\/foldable-solar-plant\/#breadcrumb","itemListElement":[{"@type":"ListItem","position":1,"name":"Home","item":"https:\/\/diagonalbubble.com\/"},{"@type":"ListItem","position":2,"name":"Products","item":"https:\/\/diagonalbubble.com\/shop\/"},{"@type":"ListItem","position":3,"name":"Foldable Solar Plant"}]},{"@type":"WebSite","@id":"https:\/\/diagonalbubble.com\/#website","url":"https:\/\/diagonalbubble.com\/","name":"Bolha diagonal","description":"Condu\u00e7\u00e3o el\u00e9ctrica. Carregamento inteligente. Energia com o Sol.","potentialAction":[{"@type":"SearchAction","target":{"@type":"EntryPoint","urlTemplate":"https:\/\/diagonalbubble.com\/?s={search_term_string}"},"query-input":{"@type":"PropertyValueSpecification","valueRequired":true,"valueName":"search_term_string"}}],"inLanguage":"pt-PT"}]}},"jetpack_sharing_enabled":true,"_links":{"self":[{"href":"https:\/\/diagonalbubble.com\/pt\/wp-json\/wp\/v2\/product\/989","targetHints":{"allow":["GET"]}}],"collection":[{"href":"https:\/\/diagonalbubble.com\/pt\/wp-json\/wp\/v2\/product"}],"about":[{"href":"https:\/\/diagonalbubble.com\/pt\/wp-json\/wp\/v2\/types\/product"}],"replies":[{"embeddable":true,"href":"https:\/\/diagonalbubble.com\/pt\/wp-json\/wp\/v2\/comments?post=989"}],"wp:featuredmedia":[{"embeddable":true,"href":"https:\/\/diagonalbubble.com\/pt\/wp-json\/wp\/v2\/media\/991"}],"wp:attachment":[{"href":"https:\/\/diagonalbubble.com\/pt\/wp-json\/wp\/v2\/media?parent=989"}],"wp:term":[{"taxonomy":"product_brand","embeddable":true,"href":"https:\/\/diagonalbubble.com\/pt\/wp-json\/wp\/v2\/product_brand?post=989"},{"taxonomy":"product_cat","embeddable":true,"href":"https:\/\/diagonalbubble.com\/pt\/wp-json\/wp\/v2\/product_cat?post=989"},{"taxonomy":"product_tag","embeddable":true,"href":"https:\/\/diagonalbubble.com\/pt\/wp-json\/wp\/v2\/product_tag?post=989"}],"curies":[{"name":"wp","href":"https:\/\/api.w.org\/{rel}","templated":true}]}}