{"id":978,"date":"2025-07-12T22:11:03","date_gmt":"2025-07-12T22:11:03","guid":{"rendered":"https:\/\/ees.goj.mybluehost.me\/website_7d70a96d\/?post_type=product&#038;p=978"},"modified":"2025-07-13T14:13:55","modified_gmt":"2025-07-13T14:13:55","slug":"renault-kangoo-van","status":"publish","type":"product","link":"https:\/\/diagonalbubble.com\/pt\/produto\/renault-kangoo-van\/","title":{"rendered":"Renault Kangoo Furg\u00e3o"},"content":{"rendered":"<p data-start=\"388\" data-end=\"476\"><strong data-start=\"388\" data-end=\"476\">Transporte fi\u00e1vel para empresas em crescimento - flex\u00edvel, espa\u00e7oso e constru\u00eddo para durar.<\/strong><\/p>\n<p data-start=\"478\" data-end=\"1160\">O <strong data-start=\"482\" data-end=\"507\">Renault Kangoo Diesel<\/strong> O Kangoo Diesel continua a fazer jus \u00e0 sua reputa\u00e7\u00e3o de furg\u00e3o de confian\u00e7a na Europa, com um consumo de combust\u00edvel impressionante, uma \u00e1rea de carga generosa e uma fiabilidade s\u00f3lida para os profissionais em movimento. Quer se trate do transporte de mercadorias no Algarve, da gest\u00e3o de entregas rurais no Canad\u00e1 ou do apoio ao com\u00e9rcio na Alemanha, o Kangoo Diesel oferece um desempenho sem falhas, apoiado pelo legado de durabilidade da Renault. Com o seu motor diesel de bin\u00e1rio elevado, o seu habit\u00e1culo ergon\u00f3mico e o seu espa\u00e7o de carga modular, \u00e9 o parceiro ideal dos empres\u00e1rios, dos instaladores e das frotas de servi\u00e7o, sobretudo daqueles que necessitam de uma autonomia e de uma capacidade de carga superior \u00e0s alternativas el\u00e9ctricas actuais.<\/p>\n<p data-start=\"1162\" data-end=\"1410\">Para os clientes que est\u00e3o a considerar uma <strong data-start=\"1190\" data-end=\"1216\">estrat\u00e9gia energ\u00e9tica h\u00edbrida<\/strong>O Kangoo Diesel tamb\u00e9m se adapta a opera\u00e7\u00f5es com motores <strong data-start=\"1269\" data-end=\"1286\">sistemas solares<\/strong> ou <strong data-start=\"1290\" data-end=\"1309\">armazenamento em bateria<\/strong> para oficinas, armaz\u00e9ns e casas - reduzindo as emiss\u00f5es totais mesmo com um grupo motopropulsor convencional.<\/p>\n<hr data-start=\"1412\" data-end=\"1415\" \/>\n<h4 data-start=\"1417\" data-end=\"1437\">\u2714\ufe0f Principais Benef\u00edcios<\/h4>\n<ul data-start=\"1439\" data-end=\"2105\">\n<li data-start=\"1439\" data-end=\"1641\">\n<p data-start=\"1441\" data-end=\"1641\"><strong data-start=\"1441\" data-end=\"1467\">Utilit\u00e1rio eficiente em termos de combust\u00edvel<\/strong><br data-start=\"1467\" data-end=\"1470\" \/>O longo alcance e o baixo consumo de gas\u00f3leo ajudam a reduzir os custos das opera\u00e7\u00f5es di\u00e1rias.<br data-start=\"1546\" data-end=\"1549\" \/><em data-start=\"1551\" data-end=\"1583\">Ponto de dor do cliente abordado:<\/em> Elevadas despesas de combust\u00edvel em rotas rurais ou de entrega intensiva.<\/p>\n<\/li>\n<li data-start=\"1643\" data-end=\"1848\">\n<p data-start=\"1645\" data-end=\"1848\"><strong data-start=\"1645\" data-end=\"1663\">Pronto para o trabalho<\/strong><br data-start=\"1663\" data-end=\"1666\" \/>Concebida para necessidades comerciais, de entrega e de com\u00e9rcio, com uma constru\u00e7\u00e3o robusta e carater\u00edsticas pr\u00e1ticas.<br data-start=\"1764\" data-end=\"1767\" \/><em data-start=\"1769\" data-end=\"1801\">Ponto de dor do cliente abordado:<\/em> Falta de espa\u00e7o ou de carga \u00fatil nos ve\u00edculos pessoais.<\/p>\n<\/li>\n<li data-start=\"1850\" data-end=\"2105\">\n<p data-start=\"1852\" data-end=\"2105\"><strong data-start=\"1852\" data-end=\"1884\">Pontes na transi\u00e7\u00e3o para VE<\/strong><br data-start=\"1884\" data-end=\"1887\" \/>Ideal para clientes que ainda n\u00e3o est\u00e3o preparados para se tornarem totalmente el\u00e9ctricos, mas que pretendem integrar energias renov\u00e1veis (por exemplo, oficinas ou escrit\u00f3rios alimentados por energia solar).<br data-start=\"2031\" data-end=\"2034\" \/><em data-start=\"2036\" data-end=\"2068\">Ponto de dor do cliente abordado:<\/em> Preocupa\u00e7\u00f5es com a autonomia dos VE ou com as infra-estruturas.<\/p>\n<\/li>\n<\/ul>\n<hr data-start=\"2107\" data-end=\"2110\" \/>\n<h4 data-start=\"2112\" data-end=\"2138\">\u2699\ufe0f Carater\u00edsticas de destaque<\/h4>\n<ul data-start=\"2140\" data-end=\"2749\">\n<li data-start=\"2140\" data-end=\"2348\">\n<p data-start=\"2142\" data-end=\"2348\"><strong data-start=\"2142\" data-end=\"2173\">Grupo motopropulsor diesel eficiente<\/strong><br data-start=\"2173\" data-end=\"2176\" \/>O comprovado motor 1.5L dCi equilibra a pot\u00eancia e a poupan\u00e7a de combust\u00edvel para utilizadores de longa dist\u00e2ncia ou de carga elevada.<br data-start=\"2270\" data-end=\"2273\" \/><em data-start=\"2275\" data-end=\"2292\">Diferenciador:<\/em> Ainda assim, \u00e9 ideal para zonas com op\u00e7\u00f5es limitadas de carregamento de ve\u00edculos el\u00e9ctricos.<\/p>\n<\/li>\n<li data-start=\"2350\" data-end=\"2551\">\n<p data-start=\"2352\" data-end=\"2551\"><strong data-start=\"2352\" data-end=\"2375\">Espa\u00e7o de carga modular<\/strong><br data-start=\"2375\" data-end=\"2378\" \/>Os bancos de passageiros rebat\u00edveis e as portas laterais deslizantes oferecem at\u00e9 3,5 m\u00b3 de volume de carga \u00fatil.<br data-start=\"2469\" data-end=\"2472\" \/><em data-start=\"2474\" data-end=\"2491\">Diferenciador:<\/em> Adapt\u00e1vel a servi\u00e7os de correio, com\u00e9rcio ou servi\u00e7os m\u00f3veis.<\/p>\n<\/li>\n<li data-start=\"2553\" data-end=\"2749\">\n<p data-start=\"2555\" data-end=\"2749\"><strong data-start=\"2555\" data-end=\"2577\">Ajudas \u00e0 condu\u00e7\u00e3o inteligentes<\/strong><br data-start=\"2577\" data-end=\"2580\" \/>O assistente de arranque em subida, os sensores de estacionamento e o modo Eco ajudam-no a conduzir de forma eficiente e segura.<br data-start=\"2669\" data-end=\"2672\" \/><em data-start=\"2674\" data-end=\"2691\">Diferenciador:<\/em> Combina o car\u00e1cter pr\u00e1tico tradicional com a tecnologia de condu\u00e7\u00e3o moderna.<\/p>\n<\/li>\n<\/ul>","protected":false},"excerpt":{"rendered":"<p>O Renault Kangoo Diesel \u00e9 um ve\u00edculo de carga flex\u00edvel, com um desempenho fi\u00e1vel, ideal para as profiss\u00f5es, as entregas e as empresas em crescimento. Combine-o com oficinas alimentadas por energia solar para reduzir a sua pegada ecol\u00f3gica sem sacrificar a autonomia ou a capacidade.<\/p>","protected":false},"featured_media":979,"comment_status":"open","ping_status":"closed","template":"","meta":{"nf_dc_page":"","om_disable_all_campaigns":false,"_monsterinsights_skip_tracking":false,"_monsterinsights_sitenote_active":false,"_monsterinsights_sitenote_note":"","_monsterinsights_sitenote_category":0},"product_brand":[],"product_cat":[34],"product_tag":[],"class_list":{"0":"post-978","1":"product","2":"type-product","3":"status-publish","4":"has-post-thumbnail","6":"product_cat-cars","8":"first","9":"instock","10":"shipping-taxable","11":"product-type-simple"},"yoast_head":"<!-- This site is optimized with the Yoast SEO plugin v27.4 - https:\/\/yoast.com\/product\/yoast-seo-wordpress\/ -->\n<title>Renault Kangoo Van - Diagonalbubble<\/title>\n<meta name=\"robots\" content=\"index, follow, max-snippet:-1, max-image-preview:large, max-video-preview:-1\" \/>\n<link rel=\"canonical\" href=\"https:\/\/diagonalbubble.com\/pt\/produto\/renault-kangoo-van\/\" \/>\n<meta property=\"og:locale\" content=\"pt_PT\" \/>\n<meta property=\"og:type\" content=\"article\" \/>\n<meta property=\"og:title\" content=\"Renault Kangoo Van - Diagonalbubble\" \/>\n<meta property=\"og:description\" content=\"The Renault Kangoo Diesel delivers fuel-efficient power, flexible cargo space, and reliable performance \u2014 ideal for trades, deliveries, and growing businesses. Pair it with solar-powered workshops to lower your footprint without sacrificing range or capability.\" \/>\n<meta property=\"og:url\" content=\"https:\/\/diagonalbubble.com\/pt\/produto\/renault-kangoo-van\/\" \/>\n<meta property=\"og:site_name\" content=\"Diagonalbubble\" \/>\n<meta property=\"article:modified_time\" content=\"2025-07-13T14:13:55+00:00\" \/>\n<meta property=\"og:image\" content=\"https:\/\/i0.wp.com\/diagonalbubble.com\/wp-content\/uploads\/2025\/07\/WhatsApp-Image-2025-07-06-at-17.34.10_75a157a1.webp?fit=640%2C480&ssl=1\" \/>\n\t<meta property=\"og:image:width\" content=\"640\" \/>\n\t<meta property=\"og:image:height\" content=\"480\" \/>\n\t<meta property=\"og:image:type\" content=\"image\/webp\" \/>\n<meta name=\"twitter:card\" content=\"summary_large_image\" \/>\n<meta name=\"twitter:label1\" content=\"Tempo estimado de leitura\" \/>\n\t<meta name=\"twitter:data1\" content=\"2 minutos\" \/>\n<script type=\"application\/ld+json\" class=\"yoast-schema-graph\">{\"@context\":\"https:\\\/\\\/schema.org\",\"@graph\":[{\"@type\":\"WebPage\",\"@id\":\"https:\\\/\\\/diagonalbubble.com\\\/product\\\/renault-kangoo-van\\\/\",\"url\":\"https:\\\/\\\/diagonalbubble.com\\\/product\\\/renault-kangoo-van\\\/\",\"name\":\"Renault Kangoo Van - Diagonalbubble\",\"isPartOf\":{\"@id\":\"https:\\\/\\\/diagonalbubble.com\\\/#website\"},\"primaryImageOfPage\":{\"@id\":\"https:\\\/\\\/diagonalbubble.com\\\/product\\\/renault-kangoo-van\\\/#primaryimage\"},\"image\":{\"@id\":\"https:\\\/\\\/diagonalbubble.com\\\/product\\\/renault-kangoo-van\\\/#primaryimage\"},\"thumbnailUrl\":\"https:\\\/\\\/i0.wp.com\\\/diagonalbubble.com\\\/wp-content\\\/uploads\\\/2025\\\/07\\\/WhatsApp-Image-2025-07-06-at-17.34.10_75a157a1.webp?fit=640%2C480&ssl=1\",\"datePublished\":\"2025-07-12T22:11:03+00:00\",\"dateModified\":\"2025-07-13T14:13:55+00:00\",\"breadcrumb\":{\"@id\":\"https:\\\/\\\/diagonalbubble.com\\\/product\\\/renault-kangoo-van\\\/#breadcrumb\"},\"inLanguage\":\"pt-PT\",\"potentialAction\":[{\"@type\":\"ReadAction\",\"target\":[\"https:\\\/\\\/diagonalbubble.com\\\/product\\\/renault-kangoo-van\\\/\"]}]},{\"@type\":\"ImageObject\",\"inLanguage\":\"pt-PT\",\"@id\":\"https:\\\/\\\/diagonalbubble.com\\\/product\\\/renault-kangoo-van\\\/#primaryimage\",\"url\":\"https:\\\/\\\/i0.wp.com\\\/diagonalbubble.com\\\/wp-content\\\/uploads\\\/2025\\\/07\\\/WhatsApp-Image-2025-07-06-at-17.34.10_75a157a1.webp?fit=640%2C480&ssl=1\",\"contentUrl\":\"https:\\\/\\\/i0.wp.com\\\/diagonalbubble.com\\\/wp-content\\\/uploads\\\/2025\\\/07\\\/WhatsApp-Image-2025-07-06-at-17.34.10_75a157a1.webp?fit=640%2C480&ssl=1\",\"width\":640,\"height\":480},{\"@type\":\"BreadcrumbList\",\"@id\":\"https:\\\/\\\/diagonalbubble.com\\\/product\\\/renault-kangoo-van\\\/#breadcrumb\",\"itemListElement\":[{\"@type\":\"ListItem\",\"position\":1,\"name\":\"Home\",\"item\":\"https:\\\/\\\/diagonalbubble.com\\\/\"},{\"@type\":\"ListItem\",\"position\":2,\"name\":\"Products\",\"item\":\"https:\\\/\\\/diagonalbubble.com\\\/shop\\\/\"},{\"@type\":\"ListItem\",\"position\":3,\"name\":\"Renault Kangoo Van\"}]},{\"@type\":\"WebSite\",\"@id\":\"https:\\\/\\\/diagonalbubble.com\\\/#website\",\"url\":\"https:\\\/\\\/diagonalbubble.com\\\/\",\"name\":\"Diagonalbubble\",\"description\":\"Drive Electric. Charge Smart. Power with the Sun.\",\"potentialAction\":[{\"@type\":\"SearchAction\",\"target\":{\"@type\":\"EntryPoint\",\"urlTemplate\":\"https:\\\/\\\/diagonalbubble.com\\\/?s={search_term_string}\"},\"query-input\":{\"@type\":\"PropertyValueSpecification\",\"valueRequired\":true,\"valueName\":\"search_term_string\"}}],\"inLanguage\":\"pt-PT\"}]}<\/script>\n<!-- \/ Yoast SEO plugin. -->","yoast_head_json":{"title":"Renault Kangoo Van - Diagonalbubble","robots":{"index":"index","follow":"follow","max-snippet":"max-snippet:-1","max-image-preview":"max-image-preview:large","max-video-preview":"max-video-preview:-1"},"canonical":"https:\/\/diagonalbubble.com\/pt\/produto\/renault-kangoo-van\/","og_locale":"pt_PT","og_type":"article","og_title":"Renault Kangoo Van - Diagonalbubble","og_description":"The Renault Kangoo Diesel delivers fuel-efficient power, flexible cargo space, and reliable performance \u2014 ideal for trades, deliveries, and growing businesses. Pair it with solar-powered workshops to lower your footprint without sacrificing range or capability.","og_url":"https:\/\/diagonalbubble.com\/pt\/produto\/renault-kangoo-van\/","og_site_name":"Diagonalbubble","article_modified_time":"2025-07-13T14:13:55+00:00","og_image":[{"width":640,"height":480,"url":"https:\/\/i0.wp.com\/diagonalbubble.com\/wp-content\/uploads\/2025\/07\/WhatsApp-Image-2025-07-06-at-17.34.10_75a157a1.webp?fit=640%2C480&ssl=1","type":"image\/webp"}],"twitter_card":"summary_large_image","twitter_misc":{"Tempo estimado de leitura":"2 minutos"},"schema":{"@context":"https:\/\/schema.org","@graph":[{"@type":"WebPage","@id":"https:\/\/diagonalbubble.com\/product\/renault-kangoo-van\/","url":"https:\/\/diagonalbubble.com\/product\/renault-kangoo-van\/","name":"Renault Kangoo Van - Diagonalbubble","isPartOf":{"@id":"https:\/\/diagonalbubble.com\/#website"},"primaryImageOfPage":{"@id":"https:\/\/diagonalbubble.com\/product\/renault-kangoo-van\/#primaryimage"},"image":{"@id":"https:\/\/diagonalbubble.com\/product\/renault-kangoo-van\/#primaryimage"},"thumbnailUrl":"https:\/\/i0.wp.com\/diagonalbubble.com\/wp-content\/uploads\/2025\/07\/WhatsApp-Image-2025-07-06-at-17.34.10_75a157a1.webp?fit=640%2C480&ssl=1","datePublished":"2025-07-12T22:11:03+00:00","dateModified":"2025-07-13T14:13:55+00:00","breadcrumb":{"@id":"https:\/\/diagonalbubble.com\/product\/renault-kangoo-van\/#breadcrumb"},"inLanguage":"pt-PT","potentialAction":[{"@type":"ReadAction","target":["https:\/\/diagonalbubble.com\/product\/renault-kangoo-van\/"]}]},{"@type":"ImageObject","inLanguage":"pt-PT","@id":"https:\/\/diagonalbubble.com\/product\/renault-kangoo-van\/#primaryimage","url":"https:\/\/i0.wp.com\/diagonalbubble.com\/wp-content\/uploads\/2025\/07\/WhatsApp-Image-2025-07-06-at-17.34.10_75a157a1.webp?fit=640%2C480&ssl=1","contentUrl":"https:\/\/i0.wp.com\/diagonalbubble.com\/wp-content\/uploads\/2025\/07\/WhatsApp-Image-2025-07-06-at-17.34.10_75a157a1.webp?fit=640%2C480&ssl=1","width":640,"height":480},{"@type":"BreadcrumbList","@id":"https:\/\/diagonalbubble.com\/product\/renault-kangoo-van\/#breadcrumb","itemListElement":[{"@type":"ListItem","position":1,"name":"Home","item":"https:\/\/diagonalbubble.com\/"},{"@type":"ListItem","position":2,"name":"Products","item":"https:\/\/diagonalbubble.com\/shop\/"},{"@type":"ListItem","position":3,"name":"Renault Kangoo Van"}]},{"@type":"WebSite","@id":"https:\/\/diagonalbubble.com\/#website","url":"https:\/\/diagonalbubble.com\/","name":"Bolha diagonal","description":"Condu\u00e7\u00e3o el\u00e9ctrica. Carregamento inteligente. Energia com o Sol.","potentialAction":[{"@type":"SearchAction","target":{"@type":"EntryPoint","urlTemplate":"https:\/\/diagonalbubble.com\/?s={search_term_string}"},"query-input":{"@type":"PropertyValueSpecification","valueRequired":true,"valueName":"search_term_string"}}],"inLanguage":"pt-PT"}]}},"jetpack_sharing_enabled":true,"_links":{"self":[{"href":"https:\/\/diagonalbubble.com\/pt\/wp-json\/wp\/v2\/product\/978","targetHints":{"allow":["GET"]}}],"collection":[{"href":"https:\/\/diagonalbubble.com\/pt\/wp-json\/wp\/v2\/product"}],"about":[{"href":"https:\/\/diagonalbubble.com\/pt\/wp-json\/wp\/v2\/types\/product"}],"replies":[{"embeddable":true,"href":"https:\/\/diagonalbubble.com\/pt\/wp-json\/wp\/v2\/comments?post=978"}],"wp:featuredmedia":[{"embeddable":true,"href":"https:\/\/diagonalbubble.com\/pt\/wp-json\/wp\/v2\/media\/979"}],"wp:attachment":[{"href":"https:\/\/diagonalbubble.com\/pt\/wp-json\/wp\/v2\/media?parent=978"}],"wp:term":[{"taxonomy":"product_brand","embeddable":true,"href":"https:\/\/diagonalbubble.com\/pt\/wp-json\/wp\/v2\/product_brand?post=978"},{"taxonomy":"product_cat","embeddable":true,"href":"https:\/\/diagonalbubble.com\/pt\/wp-json\/wp\/v2\/product_cat?post=978"},{"taxonomy":"product_tag","embeddable":true,"href":"https:\/\/diagonalbubble.com\/pt\/wp-json\/wp\/v2\/product_tag?post=978"}],"curies":[{"name":"wp","href":"https:\/\/api.w.org\/{rel}","templated":true}]}}