{"id":731,"date":"2022-08-16T10:28:02","date_gmt":"2022-08-16T10:28:02","guid":{"rendered":"https:\/\/demo.athemes.com\/sydney-fashion\/?page_id=731"},"modified":"2025-09-11T15:13:46","modified_gmt":"2025-09-11T15:13:46","slug":"contact","status":"publish","type":"page","link":"https:\/\/diagonalbubble.com\/pt\/contact\/","title":{"rendered":"Contacto"},"content":{"rendered":"\t\t<div data-elementor-type=\"wp-page\" data-elementor-id=\"731\" class=\"elementor elementor-731\">\n\t\t\t\t\t\t<section class=\"elementor-section elementor-top-section elementor-element elementor-element-f6dca25 elementor-section-boxed elementor-section-height-default elementor-section-height-default\" data-id=\"f6dca25\" data-element_type=\"section\" data-e-type=\"section\">\n\t\t\t\t\t\t<div class=\"elementor-container elementor-column-gap-no\">\n\t\t\t\t\t<div class=\"elementor-column elementor-col-100 elementor-top-column elementor-element elementor-element-a596882\" data-id=\"a596882\" data-element_type=\"column\" data-e-type=\"column\">\n\t\t\t<div class=\"elementor-widget-wrap elementor-element-populated\">\n\t\t\t\t\t\t<div class=\"elementor-element elementor-element-95b24dd elementor-widget elementor-widget-heading\" data-id=\"95b24dd\" data-element_type=\"widget\" data-e-type=\"widget\" data-widget_type=\"heading.default\">\n\t\t\t\t<div class=\"elementor-widget-container\">\n\t\t\t\t\t<h1 class=\"elementor-heading-title elementor-size-default\">Contact<\/h1>\t\t\t\t<\/div>\n\t\t\t\t<\/div>\n\t\t\t\t<div class=\"elementor-element elementor-element-faccd2b elementor-widget elementor-widget-image\" data-id=\"faccd2b\" data-element_type=\"widget\" data-e-type=\"widget\" data-widget_type=\"image.default\">\n\t\t\t\t<div class=\"elementor-widget-container\">\n\t\t\t\t\t\t\t\t\t\t\t\t\t\t\t<img loading=\"lazy\" decoding=\"async\" loading=\"lazy\" width=\"817\" height=\"1067\" src=\"https:\/\/i0.wp.com\/diagonalbubble.com\/wp-content\/uploads\/2025\/09\/Screenshot-2025-09-11-171129.png?fit=817%2C1067&amp;ssl=1\" class=\"attachment-full size-full wp-image-1125\" alt=\"\" srcset=\"https:\/\/i0.wp.com\/diagonalbubble.com\/wp-content\/uploads\/2025\/09\/Screenshot-2025-09-11-171129.png?w=817&amp;ssl=1 817w, https:\/\/i0.wp.com\/diagonalbubble.com\/wp-content\/uploads\/2025\/09\/Screenshot-2025-09-11-171129.png?resize=230%2C300&amp;ssl=1 230w, https:\/\/i0.wp.com\/diagonalbubble.com\/wp-content\/uploads\/2025\/09\/Screenshot-2025-09-11-171129.png?resize=784%2C1024&amp;ssl=1 784w, https:\/\/i0.wp.com\/diagonalbubble.com\/wp-content\/uploads\/2025\/09\/Screenshot-2025-09-11-171129.png?resize=768%2C1003&amp;ssl=1 768w, https:\/\/i0.wp.com\/diagonalbubble.com\/wp-content\/uploads\/2025\/09\/Screenshot-2025-09-11-171129.png?resize=9%2C12&amp;ssl=1 9w, https:\/\/i0.wp.com\/diagonalbubble.com\/wp-content\/uploads\/2025\/09\/Screenshot-2025-09-11-171129.png?resize=350%2C457&amp;ssl=1 350w, https:\/\/i0.wp.com\/diagonalbubble.com\/wp-content\/uploads\/2025\/09\/Screenshot-2025-09-11-171129.png?resize=480%2C627&amp;ssl=1 480w, https:\/\/i0.wp.com\/diagonalbubble.com\/wp-content\/uploads\/2025\/09\/Screenshot-2025-09-11-171129.png?resize=800%2C1045&amp;ssl=1 800w\" sizes=\"auto, (max-width: 817px) 100vw, 817px\" \/>\t\t\t\t\t\t\t\t\t\t\t\t\t\t\t<\/div>\n\t\t\t\t<\/div>\n\t\t\t\t\t<\/div>\n\t\t<\/div>\n\t\t\t\t\t<\/div>\n\t\t<\/section>\n\t\t\t\t<section class=\"elementor-section elementor-top-section elementor-element elementor-element-ebed95b elementor-section-boxed elementor-section-height-default elementor-section-height-default\" data-id=\"ebed95b\" data-element_type=\"section\" data-e-type=\"section\">\n\t\t\t\t\t\t<div class=\"elementor-container elementor-column-gap-no\">\n\t\t\t\t\t<div class=\"elementor-column elementor-col-100 elementor-top-column elementor-element elementor-element-b9c6439\" data-id=\"b9c6439\" data-element_type=\"column\" data-e-type=\"column\">\n\t\t\t<div class=\"elementor-widget-wrap elementor-element-populated\">\n\t\t\t\t\t\t<div class=\"elementor-element elementor-element-c6281f2 elementor-invisible elementor-widget elementor-widget-heading\" data-id=\"c6281f2\" data-element_type=\"widget\" data-e-type=\"widget\" data-settings=\"{&quot;_animation&quot;:&quot;fadeIn&quot;}\" data-widget_type=\"heading.default\">\n\t\t\t\t<div class=\"elementor-widget-container\">\n\t\t\t\t\t<h2 class=\"elementor-heading-title elementor-size-default\">Philosophy<\/h2>\t\t\t\t<\/div>\n\t\t\t\t<\/div>\n\t\t\t\t<div class=\"elementor-element elementor-element-4bcb764 elementor-invisible elementor-widget elementor-widget-text-editor\" data-id=\"4bcb764\" data-element_type=\"widget\" data-e-type=\"widget\" data-settings=\"{&quot;_animation&quot;:&quot;fadeIn&quot;}\" data-widget_type=\"text-editor.default\">\n\t\t\t\t<div class=\"elementor-widget-container\">\n\t\t\t\t\t\t\t\t\t<p data-start=\"137\" data-end=\"343\">At Diagonal Bubble, we believe smart energy should be simple, clean, and ready when you need it most. Whether you&#8217;re facing rising electricity bills or sudden blackouts, we&#8217;re here to help you take control.<\/p><p data-start=\"345\" data-end=\"573\">We offer electric vehicles, solar panels, and wallbox chargers to customers in Portugal, Germany, and Canada. These products are made for people who care about saving money, staying prepared, and reducing their carbon footprint.<\/p><p data-start=\"575\" data-end=\"784\">We\u2019re passionate about clean energy and making everyday life more efficient and independent. Our mission is to connect technology lovers, eco-enthusiasts, and smart homeowners with tools that power the future.<\/p><p data-start=\"786\" data-end=\"918\" data-is-last-node=\"\" data-is-only-node=\"\">From sunny rooftops to quiet electric rides, Diagonal Bubble is here to make sustainable living easier \u2014 and a little more exciting.<\/p>\t\t\t\t\t\t\t\t<\/div>\n\t\t\t\t<\/div>\n\t\t\t\t\t<\/div>\n\t\t<\/div>\n\t\t\t\t\t<\/div>\n\t\t<\/section>\n\t\t\t\t<section class=\"elementor-section elementor-top-section elementor-element elementor-element-b9cc4c3 elementor-section-boxed elementor-section-height-default elementor-section-height-default\" data-id=\"b9cc4c3\" data-element_type=\"section\" data-e-type=\"section\">\n\t\t\t\t\t\t<div class=\"elementor-container elementor-column-gap-no\">\n\t\t\t\t\t<div class=\"elementor-column elementor-col-100 elementor-top-column elementor-element elementor-element-e3458c3\" data-id=\"e3458c3\" data-element_type=\"column\" data-e-type=\"column\">\n\t\t\t<div class=\"elementor-widget-wrap elementor-element-populated\">\n\t\t\t\t\t\t<div class=\"elementor-element elementor-element-b54aead elementor-invisible elementor-widget elementor-widget-heading\" data-id=\"b54aead\" data-element_type=\"widget\" data-e-type=\"widget\" data-settings=\"{&quot;_animation&quot;:&quot;fadeIn&quot;}\" data-widget_type=\"heading.default\">\n\t\t\t\t<div class=\"elementor-widget-container\">\n\t\t\t\t\t<h2 class=\"elementor-heading-title elementor-size-default\">Want to talk to us?<\/h2>\t\t\t\t<\/div>\n\t\t\t\t<\/div>\n\t\t\t\t<div class=\"elementor-element elementor-element-9c461d5 elementor-widget elementor-widget-wpforms\" data-id=\"9c461d5\" data-element_type=\"widget\" data-e-type=\"widget\" data-widget_type=\"wpforms.default\">\n\t\t\t\t<div class=\"elementor-widget-container\">\n\t\t\t\t\t<div class=\"wpforms-container wpforms-container-full wpforms-render-modern\" id=\"wpforms-1049\"><form id=\"wpforms-form-1049\" class=\"wpforms-validate wpforms-form wpforms-ajax-form\" data-formid=\"1049\" method=\"post\" enctype=\"multipart\/form-data\" action=\"\/pt\/wp-json\/wp\/v2\/pages\/731\" data-token=\"295d3afa202a2aaa5715333538ff1715\" data-token-time=\"1776946616\"><noscript class=\"wpforms-error-noscript\">Please enable JavaScript in your browser to complete this form.<\/noscript><div id=\"wpforms-error-noscript\" style=\"display: none;\">Please enable JavaScript in your browser to complete this form.<\/div><div class=\"wpforms-field-container\"><div id=\"wpforms-1049-field_1-container\" class=\"wpforms-field wpforms-field-name\" data-field-id=\"1\"><fieldset><legend class=\"wpforms-field-label\">Name <span class=\"wpforms-required-label\" aria-hidden=\"true\">*<\/span><\/legend><div class=\"wpforms-field-row wpforms-field-medium\"><div class=\"wpforms-field-row-block wpforms-first wpforms-one-half\"><input type=\"text\" id=\"wpforms-1049-field_1\" class=\"wpforms-field-name-first wpforms-field-required\" name=\"wpforms[fields][1][first]\" aria-errormessage=\"wpforms-1049-field_1-error\" required><label for=\"wpforms-1049-field_1\" class=\"wpforms-field-sublabel after\">First<\/label><\/div><div class=\"wpforms-field-row-block wpforms-one-half\"><input type=\"text\" id=\"wpforms-1049-field_1-last\" class=\"wpforms-field-name-last wpforms-field-required\" name=\"wpforms[fields][1][last]\" aria-errormessage=\"wpforms-1049-field_1-last-error\" required><label for=\"wpforms-1049-field_1-last\" class=\"wpforms-field-sublabel after\">Last<\/label><\/div><\/div><\/fieldset><\/div><div id=\"wpforms-1049-field_2-container\" class=\"wpforms-field wpforms-field-email\" data-field-id=\"2\"><label class=\"wpforms-field-label\" for=\"wpforms-1049-field_2\">Email <span class=\"wpforms-required-label\" aria-hidden=\"true\">*<\/span><\/label><input type=\"email\" id=\"wpforms-1049-field_2\" class=\"wpforms-field-medium wpforms-field-required\" name=\"wpforms[fields][2]\" spellcheck=\"false\" aria-errormessage=\"wpforms-1049-field_2-error\" required><\/div>\t\t<div id=\"wpforms-1049-field_4-container\"\n\t\t\tclass=\"wpforms-field wpforms-field-text\"\n\t\t\tdata-field-type=\"text\"\n\t\t\tdata-field-id=\"4\"\n\t\t\t>\n\t\t\t<label class=\"wpforms-field-label\" for=\"wpforms-1049-field_4\" >Name Message Comment<\/label>\n\t\t\t<input type=\"text\" id=\"wpforms-1049-field_4\" class=\"wpforms-field-medium\" name=\"wpforms[fields][4]\" >\n\t\t<\/div>\n\t\t<div id=\"wpforms-1049-field_3-container\" class=\"wpforms-field wpforms-field-textarea\" data-field-id=\"3\"><label class=\"wpforms-field-label\" for=\"wpforms-1049-field_3\">Comment or Message<\/label><textarea id=\"wpforms-1049-field_3\" class=\"wpforms-field-medium\" name=\"wpforms[fields][3]\" aria-errormessage=\"wpforms-1049-field_3-error\" ><\/textarea><\/div><script data-jetpack-boost=\"ignore\">\n\t\t\t\t( function() {\n\t\t\t\t\tconst style = document.createElement( 'style' );\n\t\t\t\t\tstyle.appendChild( document.createTextNode( '#wpforms-1049-field_4-container { position: absolute !important; overflow: hidden !important; display: inline !important; height: 1px !important; width: 1px !important; z-index: -1000 !important; padding: 0 !important; } #wpforms-1049-field_4-container input { visibility: hidden; } #wpforms-conversational-form-page #wpforms-1049-field_4-container label { counter-increment: none; }' ) );\n\t\t\t\t\tdocument.head.appendChild( style );\n\t\t\t\t\tdocument.currentScript?.remove();\n\t\t\t\t} )();\n\t\t\t<\/script><\/div><!-- .wpforms-field-container --><div class=\"wpforms-submit-container\" ><input type=\"hidden\" name=\"wpforms[id]\" value=\"1049\"><input type=\"hidden\" name=\"page_title\" value=\"\"><input type=\"hidden\" name=\"page_url\" value=\"https:\/\/diagonalbubble.com\/pt\/wp-json\/wp\/v2\/pages\/731\"><input type=\"hidden\" name=\"url_referer\" value=\"\"><button type=\"submit\" name=\"wpforms[submit]\" id=\"wpforms-submit-1049\" class=\"wpforms-submit\" data-alt-text=\"Sending...\" data-submit-text=\"Submit\" aria-live=\"assertive\" value=\"wpforms-submit\">Submit<\/button><img loading=\"lazy\" decoding=\"async\" loading=\"lazy\" src=\"https:\/\/diagonalbubble.com\/wp-content\/plugins\/wpforms-lite\/assets\/images\/submit-spin.svg\" class=\"wpforms-submit-spinner\" style=\"display: none;\" width=\"26\" height=\"26\" alt=\"Loading\"><\/div><\/form><\/div>  <!-- .wpforms-container -->\t\t\t\t<\/div>\n\t\t\t\t<\/div>\n\t\t\t\t\t<\/div>\n\t\t<\/div>\n\t\t\t\t\t<\/div>\n\t\t<\/section>\n\t\t\t\t<\/div>\n\t\t","protected":false},"excerpt":{"rendered":"<p>Contact Philosophy At Diagonal Bubble, we believe smart energy should be simple, clean, and ready when you need it most. Whether you&#8217;re facing rising electricity bills or sudden blackouts, we&#8217;re here to help you take control. We offer electric vehicles, solar panels, and wallbox chargers to customers in Portugal, Germany, [&hellip;]<\/p>\n","protected":false},"author":1,"featured_media":0,"parent":0,"menu_order":0,"comment_status":"closed","ping_status":"closed","template":"page-templates\/page_front-page.php","meta":{"nf_dc_page":"","om_disable_all_campaigns":false,"_monsterinsights_skip_tracking":false,"_monsterinsights_sitenote_active":false,"_monsterinsights_sitenote_note":"","_monsterinsights_sitenote_category":0,"footnotes":""},"class_list":["post-731","page","type-page","status-publish","hentry"],"yoast_head":"<!-- This site is optimized with the Yoast SEO plugin v27.4 - https:\/\/yoast.com\/product\/yoast-seo-wordpress\/ -->\n<title>Contact - Diagonalbubble<\/title>\n<meta name=\"robots\" content=\"index, follow, max-snippet:-1, max-image-preview:large, max-video-preview:-1\" \/>\n<link rel=\"canonical\" href=\"https:\/\/diagonalbubble.com\/pt\/contact\/\" \/>\n<meta property=\"og:locale\" content=\"pt_PT\" \/>\n<meta property=\"og:type\" content=\"article\" \/>\n<meta property=\"og:title\" content=\"Contact - Diagonalbubble\" \/>\n<meta property=\"og:description\" content=\"Contact Philosophy At Diagonal Bubble, we believe smart energy should be simple, clean, and ready when you need it most. Whether you&#8217;re facing rising electricity bills or sudden blackouts, we&#8217;re here to help you take control. We offer electric vehicles, solar panels, and wallbox chargers to customers in Portugal, Germany, [&hellip;]\" \/>\n<meta property=\"og:url\" content=\"https:\/\/diagonalbubble.com\/pt\/contact\/\" \/>\n<meta property=\"og:site_name\" content=\"Diagonalbubble\" \/>\n<meta property=\"article:modified_time\" content=\"2025-09-11T15:13:46+00:00\" \/>\n<meta property=\"og:image\" content=\"https:\/\/diagonalbubble.com\/wp-content\/uploads\/2025\/09\/Screenshot-2025-09-11-171129.png\" \/>\n<meta name=\"twitter:card\" content=\"summary_large_image\" \/>\n<meta name=\"twitter:label1\" content=\"Tempo estimado de leitura\" \/>\n\t<meta name=\"twitter:data1\" content=\"1 minuto\" \/>\n<script type=\"application\/ld+json\" class=\"yoast-schema-graph\">{\"@context\":\"https:\\\/\\\/schema.org\",\"@graph\":[{\"@type\":\"WebPage\",\"@id\":\"https:\\\/\\\/diagonalbubble.com\\\/contact\\\/\",\"url\":\"https:\\\/\\\/diagonalbubble.com\\\/contact\\\/\",\"name\":\"Contact - Diagonalbubble\",\"isPartOf\":{\"@id\":\"https:\\\/\\\/diagonalbubble.com\\\/#website\"},\"primaryImageOfPage\":{\"@id\":\"https:\\\/\\\/diagonalbubble.com\\\/contact\\\/#primaryimage\"},\"image\":{\"@id\":\"https:\\\/\\\/diagonalbubble.com\\\/contact\\\/#primaryimage\"},\"thumbnailUrl\":\"https:\\\/\\\/diagonalbubble.com\\\/wp-content\\\/uploads\\\/2025\\\/09\\\/Screenshot-2025-09-11-171129.png\",\"datePublished\":\"2022-08-16T10:28:02+00:00\",\"dateModified\":\"2025-09-11T15:13:46+00:00\",\"breadcrumb\":{\"@id\":\"https:\\\/\\\/diagonalbubble.com\\\/contact\\\/#breadcrumb\"},\"inLanguage\":\"pt-PT\",\"potentialAction\":[{\"@type\":\"ReadAction\",\"target\":[\"https:\\\/\\\/diagonalbubble.com\\\/contact\\\/\"]}]},{\"@type\":\"ImageObject\",\"inLanguage\":\"pt-PT\",\"@id\":\"https:\\\/\\\/diagonalbubble.com\\\/contact\\\/#primaryimage\",\"url\":\"https:\\\/\\\/diagonalbubble.com\\\/wp-content\\\/uploads\\\/2025\\\/09\\\/Screenshot-2025-09-11-171129.png\",\"contentUrl\":\"https:\\\/\\\/diagonalbubble.com\\\/wp-content\\\/uploads\\\/2025\\\/09\\\/Screenshot-2025-09-11-171129.png\"},{\"@type\":\"BreadcrumbList\",\"@id\":\"https:\\\/\\\/diagonalbubble.com\\\/contact\\\/#breadcrumb\",\"itemListElement\":[{\"@type\":\"ListItem\",\"position\":1,\"name\":\"Home\",\"item\":\"https:\\\/\\\/diagonalbubble.com\\\/\"},{\"@type\":\"ListItem\",\"position\":2,\"name\":\"Contact\"}]},{\"@type\":\"WebSite\",\"@id\":\"https:\\\/\\\/diagonalbubble.com\\\/#website\",\"url\":\"https:\\\/\\\/diagonalbubble.com\\\/\",\"name\":\"Diagonalbubble\",\"description\":\"Drive Electric. Charge Smart. Power with the Sun.\",\"potentialAction\":[{\"@type\":\"SearchAction\",\"target\":{\"@type\":\"EntryPoint\",\"urlTemplate\":\"https:\\\/\\\/diagonalbubble.com\\\/?s={search_term_string}\"},\"query-input\":{\"@type\":\"PropertyValueSpecification\",\"valueRequired\":true,\"valueName\":\"search_term_string\"}}],\"inLanguage\":\"pt-PT\"}]}<\/script>\n<!-- \/ Yoast SEO plugin. -->","yoast_head_json":{"title":"Contacto - Diagonalbubble","robots":{"index":"index","follow":"follow","max-snippet":"max-snippet:-1","max-image-preview":"max-image-preview:large","max-video-preview":"max-video-preview:-1"},"canonical":"https:\/\/diagonalbubble.com\/pt\/contact\/","og_locale":"pt_PT","og_type":"article","og_title":"Contact - Diagonalbubble","og_description":"Contact Philosophy At Diagonal Bubble, we believe smart energy should be simple, clean, and ready when you need it most. Whether you&#8217;re facing rising electricity bills or sudden blackouts, we&#8217;re here to help you take control. We offer electric vehicles, solar panels, and wallbox chargers to customers in Portugal, Germany, [&hellip;]","og_url":"https:\/\/diagonalbubble.com\/pt\/contact\/","og_site_name":"Diagonalbubble","article_modified_time":"2025-09-11T15:13:46+00:00","og_image":[{"url":"https:\/\/diagonalbubble.com\/wp-content\/uploads\/2025\/09\/Screenshot-2025-09-11-171129.png","type":"","width":"","height":""}],"twitter_card":"summary_large_image","twitter_misc":{"Tempo estimado de leitura":"1 minuto"},"schema":{"@context":"https:\/\/schema.org","@graph":[{"@type":"WebPage","@id":"https:\/\/diagonalbubble.com\/contact\/","url":"https:\/\/diagonalbubble.com\/contact\/","name":"Contacto - Diagonalbubble","isPartOf":{"@id":"https:\/\/diagonalbubble.com\/#website"},"primaryImageOfPage":{"@id":"https:\/\/diagonalbubble.com\/contact\/#primaryimage"},"image":{"@id":"https:\/\/diagonalbubble.com\/contact\/#primaryimage"},"thumbnailUrl":"https:\/\/diagonalbubble.com\/wp-content\/uploads\/2025\/09\/Screenshot-2025-09-11-171129.png","datePublished":"2022-08-16T10:28:02+00:00","dateModified":"2025-09-11T15:13:46+00:00","breadcrumb":{"@id":"https:\/\/diagonalbubble.com\/contact\/#breadcrumb"},"inLanguage":"pt-PT","potentialAction":[{"@type":"ReadAction","target":["https:\/\/diagonalbubble.com\/contact\/"]}]},{"@type":"ImageObject","inLanguage":"pt-PT","@id":"https:\/\/diagonalbubble.com\/contact\/#primaryimage","url":"https:\/\/diagonalbubble.com\/wp-content\/uploads\/2025\/09\/Screenshot-2025-09-11-171129.png","contentUrl":"https:\/\/diagonalbubble.com\/wp-content\/uploads\/2025\/09\/Screenshot-2025-09-11-171129.png"},{"@type":"BreadcrumbList","@id":"https:\/\/diagonalbubble.com\/contact\/#breadcrumb","itemListElement":[{"@type":"ListItem","position":1,"name":"Home","item":"https:\/\/diagonalbubble.com\/"},{"@type":"ListItem","position":2,"name":"Contact"}]},{"@type":"WebSite","@id":"https:\/\/diagonalbubble.com\/#website","url":"https:\/\/diagonalbubble.com\/","name":"Bolha diagonal","description":"Condu\u00e7\u00e3o el\u00e9ctrica. Carregamento inteligente. Energia com o Sol.","potentialAction":[{"@type":"SearchAction","target":{"@type":"EntryPoint","urlTemplate":"https:\/\/diagonalbubble.com\/?s={search_term_string}"},"query-input":{"@type":"PropertyValueSpecification","valueRequired":true,"valueName":"search_term_string"}}],"inLanguage":"pt-PT"}]}},"jetpack_sharing_enabled":true,"_links":{"self":[{"href":"https:\/\/diagonalbubble.com\/pt\/wp-json\/wp\/v2\/pages\/731","targetHints":{"allow":["GET"]}}],"collection":[{"href":"https:\/\/diagonalbubble.com\/pt\/wp-json\/wp\/v2\/pages"}],"about":[{"href":"https:\/\/diagonalbubble.com\/pt\/wp-json\/wp\/v2\/types\/page"}],"author":[{"embeddable":true,"href":"https:\/\/diagonalbubble.com\/pt\/wp-json\/wp\/v2\/users\/1"}],"replies":[{"embeddable":true,"href":"https:\/\/diagonalbubble.com\/pt\/wp-json\/wp\/v2\/comments?post=731"}],"version-history":[{"count":13,"href":"https:\/\/diagonalbubble.com\/pt\/wp-json\/wp\/v2\/pages\/731\/revisions"}],"predecessor-version":[{"id":1128,"href":"https:\/\/diagonalbubble.com\/pt\/wp-json\/wp\/v2\/pages\/731\/revisions\/1128"}],"wp:attachment":[{"href":"https:\/\/diagonalbubble.com\/pt\/wp-json\/wp\/v2\/media?parent=731"}],"curies":[{"name":"wp","href":"https:\/\/api.w.org\/{rel}","templated":true}]}}